{"id":117793,"date":"2023-01-31T11:10:22","date_gmt":"2023-01-31T11:10:22","guid":{"rendered":"https:\/\/interiorisimo.com\/?page_id=117793"},"modified":"2023-01-31T11:17:16","modified_gmt":"2023-01-31T11:17:16","slug":"envios-y-devoluciones","status":"publish","type":"page","link":"https:\/\/interiorisimo.com\/mgallo\/envios-y-devoluciones\/","title":{"rendered":"Env\u00edos y devoluciones"},"content":{"rendered":"<div class=\"wpb-content-wrapper\"><p>[vc_row row_height_percent=&#8221;0&#8243; overlay_alpha=&#8221;50&#8243; gutter_size=&#8221;3&#8243; column_width_percent=&#8221;100&#8243; shift_y=&#8221;0&#8243; z_index=&#8221;0&#8243; uncode_shortcode_id=&#8221;182547&#8243;][vc_column width=&#8221;1\/4&#8243;][\/vc_column][vc_column column_width_percent=&#8221;100&#8243; gutter_size=&#8221;3&#8243; overlay_alpha=&#8221;50&#8243; shift_x=&#8221;0&#8243; shift_y=&#8221;0&#8243; shift_y_down=&#8221;0&#8243; z_index=&#8221;0&#8243; medium_width=&#8221;0&#8243; mobile_width=&#8221;0&#8243; uncode_shortcode_id=&#8221;475243&#8243; width=&#8221;1\/2&#8243;][vc_column_text uncode_shortcode_id=&#8221;886208&#8243;]<\/p>\n<div class=\"modal-body-content\">\n<p><strong>ENVIOS<\/strong><\/p>\n<ul>\n<li><strong>Plazo de entrega<\/strong>: Los productos en stock se enviar\u00e1n en un plazo de 24\/48h de lunes a viernes, s\u00f3lo d\u00edas laborales y dentro de la Pen\u00ednsula.<\/li>\n<li>Pen\u00ednsula: env\u00edo gratuito para pedidos superiores a 30\u20ac<\/li>\n<\/ul>\n<p>M\u00e1s informaci\u00f3n:<\/p>\n<ul>\n<li>No realizamos env\u00edos a las Islas Canarias\/ Ceuta y Melilla<\/li>\n<li>Si a la hora de la entrega en el d\u00eda establecido por el cliente, no hubiese nadie para recepcionarlo, habr\u00e1 un segundo intento de entrega. El siguiente env\u00edo ser\u00e1 con portes pagados por el cliente.<\/li>\n<\/ul>\n<p><strong>DEVOLUCIONES<\/strong><\/p>\n<p>Productos en stock<\/p>\n<p>De acuerdo con la Ley de Ordenaci\u00f3n del Comercio Minorista as\u00ed como en lo regulado por la normativa comunitaria (Directiva97\/7\/CE), el cliente dispone de 15 d\u00edas desde la recepci\u00f3n para desistir voluntariamente de su compra en productos no perecederos. Realiz\u00e1ndose la devoluci\u00f3n en dicho plazo, se deber\u00e1 devolver la compra con todos sus productos, con su embalaje original, con su precinto original sin romper, con todos sus accesorios y en perfecto estado. No se aceptar\u00e1n devoluciones de productos que no vengan con su embalaje original, salvo que estos sean defectuosos. Interiorisimo abonar\u00e1 el importe del pedido una vez haya comprobado que la mercanc\u00eda cumple las condiciones anteriores. En el caso de devoluciones comerciales el cliente deber\u00e1 correr con los gastos de transporte. Para solicitar esta devoluci\u00f3n deber\u00e1 comunicarlo en el correo electr\u00f3nico atencionalcliente@interiorisimo.com.<\/p>\n<p>En el caso de que en el momento de la entrega el producto sea defectuoso o que el defecto provenga de una incidencia en transporte, lo deber\u00e1 comunicar en el plazo de 24 horas desde la recepci\u00f3n en el correo electr\u00f3nico<strong> atencionalcliente@interiorisimo.com<\/strong><\/p>\n<p>En el caso de los productos personalizados s\u00f3lo es posible su devoluci\u00f3n en las siguientes 24 horas a la recepci\u00f3n del pedido, por causas defectuosas y nunca por motivos comerciales. Una vez \u00a0recibamos el paquete con su embalaje original y comprobemos la causa defectuosa, <strong>Interiorisimo<\/strong> har\u00e1 la devoluci\u00f3n \u00edntegra a trav\u00e9s del mismo medio con el que se abon\u00f3 el pedido.<\/p>\n<\/div>\n<p>[\/vc_column_text][\/vc_column][vc_column width=&#8221;1\/4&#8243;][\/vc_column][\/vc_row]<\/p>\n<\/div>","protected":false},"excerpt":{"rendered":"<p>[vc_row row_height_percent=&#8221;0&#8243; overlay_alpha=&#8221;50&#8243; gutter_size=&#8221;3&#8243; column_width_percent=&#8221;100&#8243; shift_y=&#8221;0&#8243; z_index=&#8221;0&#8243; uncode_shortcode_id=&#8221;182547&#8243;][vc_column width=&#8221;1\/4&#8243;][\/vc_column][vc_column column_width_percent=&#8221;100&#8243; gutter_size=&#8221;3&#8243; overlay_alpha=&#8221;50&#8243; shift_x=&#8221;0&#8243; shift_y=&#8221;0&#8243; shift_y_down=&#8221;0&#8243; z_index=&#8221;0&#8243; medium_width=&#8221;0&#8243; mobile_width=&#8221;0&#8243; uncode_shortcode_id=&#8221;475243&#8243; width=&#8221;1\/2&#8243;][vc_column_text [&hellip;]<\/p>\n","protected":false},"author":1,"featured_media":0,"parent":0,"menu_order":0,"comment_status":"closed","ping_status":"closed","template":"","meta":{"_joinchat":[],"footnotes":""},"class_list":["post-117793","page","type-page","status-publish","hentry"],"yoast_head":"<!-- This site is optimized with the Yoast SEO plugin v26.0 - https:\/\/yoast.com\/wordpress\/plugins\/seo\/ -->\n<title>Env\u00edos y devoluciones - interiorisimo | marisa gallo<\/title>\n<meta name=\"robots\" content=\"index, follow, max-snippet:-1, max-image-preview:large, max-video-preview:-1\" \/>\n<link rel=\"canonical\" href=\"https:\/\/interiorisimo.com\/mgallo\/envios-y-devoluciones\/\" \/>\n<meta property=\"og:locale\" content=\"es_ES\" \/>\n<meta property=\"og:type\" content=\"article\" \/>\n<meta property=\"og:title\" content=\"Env\u00edos y devoluciones - interiorisimo | marisa gallo\" \/>\n<meta property=\"og:description\" content=\"[vc_row row_height_percent=&#8221;0&#8243; overlay_alpha=&#8221;50&#8243; gutter_size=&#8221;3&#8243; column_width_percent=&#8221;100&#8243; shift_y=&#8221;0&#8243; z_index=&#8221;0&#8243; uncode_shortcode_id=&#8221;182547&#8243;][vc_column width=&#8221;1\/4&#8243;][\/vc_column][vc_column column_width_percent=&#8221;100&#8243; gutter_size=&#8221;3&#8243; overlay_alpha=&#8221;50&#8243; shift_x=&#8221;0&#8243; shift_y=&#8221;0&#8243; shift_y_down=&#8221;0&#8243; z_index=&#8221;0&#8243; medium_width=&#8221;0&#8243; mobile_width=&#8221;0&#8243; uncode_shortcode_id=&#8221;475243&#8243; width=&#8221;1\/2&#8243;][vc_column_text [&hellip;]\" \/>\n<meta property=\"og:url\" content=\"https:\/\/interiorisimo.com\/mgallo\/envios-y-devoluciones\/\" \/>\n<meta property=\"og:site_name\" content=\"interiorisimo | marisa gallo\" \/>\n<meta property=\"article:publisher\" content=\"https:\/\/www.facebook.com\/interiorisimo\" \/>\n<meta property=\"article:modified_time\" content=\"2023-01-31T11:17:16+00:00\" \/>\n<meta property=\"og:image\" content=\"http:\/\/interiorisimo.com\/mgallo\/wp-content\/uploads\/2016\/04\/logoblack2.png\" \/>\n<meta name=\"twitter:card\" content=\"summary_large_image\" \/>\n<meta name=\"twitter:site\" content=\"@interiorisimo\" \/>\n<meta name=\"twitter:label1\" content=\"Tiempo de lectura\" \/>\n\t<meta name=\"twitter:data1\" content=\"2 minutos\" \/>\n<!-- \/ Yoast SEO plugin. -->","yoast_head_json":{"title":"Env\u00edos y devoluciones - interiorisimo | marisa gallo","robots":{"index":"index","follow":"follow","max-snippet":"max-snippet:-1","max-image-preview":"max-image-preview:large","max-video-preview":"max-video-preview:-1"},"canonical":"https:\/\/interiorisimo.com\/mgallo\/envios-y-devoluciones\/","og_locale":"es_ES","og_type":"article","og_title":"Env\u00edos y devoluciones - interiorisimo | marisa gallo","og_description":"[vc_row row_height_percent=&#8221;0&#8243; overlay_alpha=&#8221;50&#8243; gutter_size=&#8221;3&#8243; column_width_percent=&#8221;100&#8243; shift_y=&#8221;0&#8243; z_index=&#8221;0&#8243; uncode_shortcode_id=&#8221;182547&#8243;][vc_column width=&#8221;1\/4&#8243;][\/vc_column][vc_column column_width_percent=&#8221;100&#8243; gutter_size=&#8221;3&#8243; overlay_alpha=&#8221;50&#8243; shift_x=&#8221;0&#8243; shift_y=&#8221;0&#8243; shift_y_down=&#8221;0&#8243; z_index=&#8221;0&#8243; medium_width=&#8221;0&#8243; mobile_width=&#8221;0&#8243; uncode_shortcode_id=&#8221;475243&#8243; width=&#8221;1\/2&#8243;][vc_column_text [&hellip;]","og_url":"https:\/\/interiorisimo.com\/mgallo\/envios-y-devoluciones\/","og_site_name":"interiorisimo | marisa gallo","article_publisher":"https:\/\/www.facebook.com\/interiorisimo","article_modified_time":"2023-01-31T11:17:16+00:00","og_image":[{"url":"http:\/\/interiorisimo.com\/mgallo\/wp-content\/uploads\/2016\/04\/logoblack2.png","type":"","width":"","height":""}],"twitter_card":"summary_large_image","twitter_site":"@interiorisimo","twitter_misc":{"Tiempo de lectura":"2 minutos"},"schema":{"@context":"https:\/\/schema.org","@graph":[{"@type":"WebPage","@id":"https:\/\/interiorisimo.com\/mgallo\/envios-y-devoluciones\/","url":"https:\/\/interiorisimo.com\/mgallo\/envios-y-devoluciones\/","name":"Env\u00edos y devoluciones - interiorisimo | marisa gallo","isPartOf":{"@id":"https:\/\/interiorisimo.com\/mgallo\/#website"},"datePublished":"2023-01-31T11:10:22+00:00","dateModified":"2023-01-31T11:17:16+00:00","breadcrumb":{"@id":"https:\/\/interiorisimo.com\/mgallo\/envios-y-devoluciones\/#breadcrumb"},"inLanguage":"es","potentialAction":[{"@type":"ReadAction","target":["https:\/\/interiorisimo.com\/mgallo\/envios-y-devoluciones\/"]}]},{"@type":"BreadcrumbList","@id":"https:\/\/interiorisimo.com\/mgallo\/envios-y-devoluciones\/#breadcrumb","itemListElement":[{"@type":"ListItem","position":1,"name":"Portada","item":"https:\/\/interiorisimo.com\/mgallo\/"},{"@type":"ListItem","position":2,"name":"Env\u00edos y devoluciones"}]},{"@type":"WebSite","@id":"https:\/\/interiorisimo.com\/mgallo\/#website","url":"https:\/\/interiorisimo.com\/mgallo\/","name":"interiorisimo | marisa gallo","description":"Estudio de interiorismo by Marisa Gallo","publisher":{"@id":"https:\/\/interiorisimo.com\/mgallo\/#organization"},"potentialAction":[{"@type":"SearchAction","target":{"@type":"EntryPoint","urlTemplate":"https:\/\/interiorisimo.com\/mgallo\/?s={search_term_string}"},"query-input":{"@type":"PropertyValueSpecification","valueRequired":true,"valueName":"search_term_string"}}],"inLanguage":"es"},{"@type":"Organization","@id":"https:\/\/interiorisimo.com\/mgallo\/#organization","name":"interiorisimo | marisa gallo","url":"https:\/\/interiorisimo.com\/mgallo\/","logo":{"@type":"ImageObject","inLanguage":"es","@id":"https:\/\/interiorisimo.com\/mgallo\/#\/schema\/logo\/image\/","url":"https:\/\/interiorisimo.com\/mgallo\/wp-content\/uploads\/2023\/01\/LGMGA.png","contentUrl":"https:\/\/interiorisimo.com\/mgallo\/wp-content\/uploads\/2023\/01\/LGMGA.png","width":284,"height":338,"caption":"interiorisimo | marisa gallo"},"image":{"@id":"https:\/\/interiorisimo.com\/mgallo\/#\/schema\/logo\/image\/"},"sameAs":["https:\/\/www.facebook.com\/interiorisimo","https:\/\/x.com\/interiorisimo","https:\/\/www.instagram.com\/interiorisimo\/","https:\/\/www.linkedin.com\/company\/interiorisimo","https:\/\/www.pinterest.com\/interiorisimo"]}]}},"_links":{"self":[{"href":"https:\/\/interiorisimo.com\/mgallo\/wp-json\/wp\/v2\/pages\/117793","targetHints":{"allow":["GET"]}}],"collection":[{"href":"https:\/\/interiorisimo.com\/mgallo\/wp-json\/wp\/v2\/pages"}],"about":[{"href":"https:\/\/interiorisimo.com\/mgallo\/wp-json\/wp\/v2\/types\/page"}],"author":[{"embeddable":true,"href":"https:\/\/interiorisimo.com\/mgallo\/wp-json\/wp\/v2\/users\/1"}],"replies":[{"embeddable":true,"href":"https:\/\/interiorisimo.com\/mgallo\/wp-json\/wp\/v2\/comments?post=117793"}],"version-history":[{"count":6,"href":"https:\/\/interiorisimo.com\/mgallo\/wp-json\/wp\/v2\/pages\/117793\/revisions"}],"predecessor-version":[{"id":117841,"href":"https:\/\/interiorisimo.com\/mgallo\/wp-json\/wp\/v2\/pages\/117793\/revisions\/117841"}],"wp:attachment":[{"href":"https:\/\/interiorisimo.com\/mgallo\/wp-json\/wp\/v2\/media?parent=117793"}],"curies":[{"name":"wp","href":"https:\/\/api.w.org\/{rel}","templated":true}]}}