{"id":118017,"date":"2023-02-08T14:51:22","date_gmt":"2023-02-08T14:51:22","guid":{"rendered":"https:\/\/interiorisimo.com\/?page_id=118017"},"modified":"2023-03-03T13:50:36","modified_gmt":"2023-03-03T13:50:36","slug":"lifestyle","status":"publish","type":"page","link":"https:\/\/interiorisimo.com\/mgallo\/lifestyle\/","title":{"rendered":"lifestyle"},"content":{"rendered":"<div class=\"wpb-content-wrapper\"><p>[vc_row][vc_column column_width_percent=&#8221;60&#8243; align_horizontal=&#8221;align_center&#8221; gutter_size=&#8221;2&#8243; overlay_alpha=&#8221;50&#8243; shift_x=&#8221;0&#8243; shift_y=&#8221;0&#8243; shift_y_down=&#8221;0&#8243; z_index=&#8221;0&#8243; medium_width=&#8221;0&#8243; mobile_width=&#8221;0&#8243; width=&#8221;1\/1&#8243; uncode_shortcode_id=&#8221;563130&#8243;][vc_custom_heading heading_semantic=&#8221;p&#8221; text_size=&#8221;h5&#8243; text_weight=&#8221;300&#8243; uncode_shortcode_id=&#8221;195277&#8243;]Bienvenidos a nuestra tienda online, donde te proponemos una cuidada selecci\u00f3n de proyectos inspirados por el est\u00edlo caracter\u00edstico de Marisa Gallo.[\/vc_custom_heading][vc_empty_space empty_h=&#8221;2&#8243;][\/vc_column][\/vc_row][vc_row unlock_row_content=&#8221;yes&#8221; row_height_percent=&#8221;100&#8243; overlay_alpha=&#8221;50&#8243; gutter_size=&#8221;3&#8243; column_width_percent=&#8221;100&#8243; shift_y=&#8221;0&#8243; z_index=&#8221;0&#8243; uncode_shortcode_id=&#8221;390978&#8243;][vc_column column_width_percent=&#8221;85&#8243; position_vertical=&#8221;middle&#8221; align_horizontal=&#8221;align_center&#8221; gutter_size=&#8221;2&#8243; overlay_alpha=&#8221;50&#8243; shift_x=&#8221;0&#8243; shift_y=&#8221;0&#8243; shift_y_down=&#8221;0&#8243; z_index=&#8221;0&#8243; medium_width=&#8221;0&#8243; mobile_width=&#8221;0&#8243; width=&#8221;1\/1&#8243; uncode_shortcode_id=&#8221;169600&#8243;][vc_button button_color=&#8221;color-rgdb&#8221; size=&#8221;btn-lg&#8221; radius=&#8221;btn-square&#8221; border_animation=&#8221;btn-ripple-out&#8221; hover_fx=&#8221;outlined&#8221; border_width=&#8221;0&#8243; link=&#8221;url:https%3A%2F%2Fwww.interiorisimo.com%2Ftop1&#8243; uncode_shortcode_id=&#8221;164532&#8243; button_color_type=&#8221;uncode-palette&#8221;]SHOP[\/vc_button][vc_single_image media=&#8221;118165&#8243; media_width_percent=&#8221;100&#8243; uncode_shortcode_id=&#8221;103776&#8243;][\/vc_column][\/vc_row][vc_row unlock_row_content=&#8221;yes&#8221; row_height_percent=&#8221;100&#8243; overlay_alpha=&#8221;50&#8243; gutter_size=&#8221;3&#8243; column_width_percent=&#8221;100&#8243; shift_y=&#8221;0&#8243; z_index=&#8221;0&#8243; uncode_shortcode_id=&#8221;197679&#8243;][vc_column column_width_percent=&#8221;85&#8243; position_vertical=&#8221;middle&#8221; align_horizontal=&#8221;align_center&#8221; gutter_size=&#8221;2&#8243; overlay_alpha=&#8221;50&#8243; shift_x=&#8221;0&#8243; shift_y=&#8221;0&#8243; shift_y_down=&#8221;0&#8243; z_index=&#8221;0&#8243; medium_width=&#8221;0&#8243; mobile_width=&#8221;0&#8243; width=&#8221;1\/1&#8243; uncode_shortcode_id=&#8221;765380&#8243;][vc_button button_color=&#8221;color-rgdb&#8221; size=&#8221;btn-lg&#8221; radius=&#8221;btn-square&#8221; border_animation=&#8221;btn-ripple-out&#8221; hover_fx=&#8221;outlined&#8221; border_width=&#8221;0&#8243; link=&#8221;url:https%3A%2F%2Finteriorisimo.com%2Ftop2%2F|title:top2&#8243; uncode_shortcode_id=&#8221;379202&#8243; button_color_type=&#8221;uncode-palette&#8221;]SHOP[\/vc_button][vc_single_image media=&#8221;118166&#8243; media_width_percent=&#8221;100&#8243; alignment=&#8221;center&#8221; uncode_shortcode_id=&#8221;188552&#8243;][\/vc_column][\/vc_row][vc_row unlock_row_content=&#8221;yes&#8221; row_height_percent=&#8221;100&#8243; overlay_alpha=&#8221;50&#8243; gutter_size=&#8221;3&#8243; column_width_percent=&#8221;100&#8243; shift_y=&#8221;0&#8243; z_index=&#8221;0&#8243; uncode_shortcode_id=&#8221;603717&#8243;][vc_column column_width_percent=&#8221;85&#8243; position_vertical=&#8221;middle&#8221; align_horizontal=&#8221;align_center&#8221; gutter_size=&#8221;2&#8243; overlay_alpha=&#8221;50&#8243; shift_x=&#8221;0&#8243; shift_y=&#8221;0&#8243; shift_y_down=&#8221;0&#8243; z_index=&#8221;0&#8243; medium_width=&#8221;0&#8243; mobile_width=&#8221;0&#8243; width=&#8221;1\/1&#8243; uncode_shortcode_id=&#8221;766090&#8243;][vc_button button_color=&#8221;color-rgdb&#8221; size=&#8221;btn-lg&#8221; radius=&#8221;btn-square&#8221; border_animation=&#8221;btn-ripple-out&#8221; hover_fx=&#8221;outlined&#8221; border_width=&#8221;0&#8243; link=&#8221;url:https%3A%2F%2Finteriorisimo.com%2Ftop3%2F|title:top3&#8243; uncode_shortcode_id=&#8221;198700&#8243; button_color_type=&#8221;uncode-palette&#8221;]SHOP[\/vc_button][vc_single_image media=&#8221;118167&#8243; media_width_percent=&#8221;100&#8243; uncode_shortcode_id=&#8221;739695&#8243;][\/vc_column][\/vc_row]<\/p>\n<\/div>","protected":false},"excerpt":{"rendered":"<p>[vc_row][vc_column column_width_percent=&#8221;60&#8243; align_horizontal=&#8221;align_center&#8221; gutter_size=&#8221;2&#8243; overlay_alpha=&#8221;50&#8243; shift_x=&#8221;0&#8243; shift_y=&#8221;0&#8243; shift_y_down=&#8221;0&#8243; z_index=&#8221;0&#8243; medium_width=&#8221;0&#8243; mobile_width=&#8221;0&#8243; width=&#8221;1\/1&#8243; uncode_shortcode_id=&#8221;563130&#8243;][vc_custom_heading heading_semantic=&#8221;p&#8221; text_size=&#8221;h5&#8243; text_weight=&#8221;300&#8243; uncode_shortcode_id=&#8221;195277&#8243;]Bienvenidos a nuestra tienda [&hellip;]<\/p>\n","protected":false},"author":1,"featured_media":0,"parent":0,"menu_order":0,"comment_status":"closed","ping_status":"closed","template":"","meta":{"_joinchat":[],"footnotes":""},"class_list":["post-118017","page","type-page","status-publish","hentry"],"yoast_head":"<!-- This site is optimized with the Yoast SEO plugin v26.0 - https:\/\/yoast.com\/wordpress\/plugins\/seo\/ -->\n<title>lifestyle - interiorisimo | marisa gallo<\/title>\n<meta name=\"robots\" content=\"index, follow, max-snippet:-1, max-image-preview:large, max-video-preview:-1\" \/>\n<link rel=\"canonical\" href=\"https:\/\/interiorisimo.com\/mgallo\/lifestyle\/\" \/>\n<meta property=\"og:locale\" content=\"es_ES\" \/>\n<meta property=\"og:type\" content=\"article\" \/>\n<meta property=\"og:title\" content=\"lifestyle - interiorisimo | marisa gallo\" \/>\n<meta property=\"og:description\" content=\"[vc_row][vc_column column_width_percent=&#8221;60&#8243; align_horizontal=&#8221;align_center&#8221; gutter_size=&#8221;2&#8243; overlay_alpha=&#8221;50&#8243; shift_x=&#8221;0&#8243; shift_y=&#8221;0&#8243; shift_y_down=&#8221;0&#8243; z_index=&#8221;0&#8243; medium_width=&#8221;0&#8243; mobile_width=&#8221;0&#8243; width=&#8221;1\/1&#8243; uncode_shortcode_id=&#8221;563130&#8243;][vc_custom_heading heading_semantic=&#8221;p&#8221; text_size=&#8221;h5&#8243; text_weight=&#8221;300&#8243; uncode_shortcode_id=&#8221;195277&#8243;]Bienvenidos a nuestra tienda [&hellip;]\" \/>\n<meta property=\"og:url\" content=\"https:\/\/interiorisimo.com\/mgallo\/lifestyle\/\" \/>\n<meta property=\"og:site_name\" content=\"interiorisimo | marisa gallo\" \/>\n<meta property=\"article:publisher\" content=\"https:\/\/www.facebook.com\/interiorisimo\" \/>\n<meta property=\"article:modified_time\" content=\"2023-03-03T13:50:36+00:00\" \/>\n<meta property=\"og:image\" content=\"http:\/\/interiorisimo.com\/mgallo\/wp-content\/uploads\/2016\/04\/logoblack2.png\" \/>\n<meta name=\"twitter:card\" content=\"summary_large_image\" \/>\n<meta name=\"twitter:site\" content=\"@interiorisimo\" \/>\n<meta name=\"twitter:label1\" content=\"Tiempo de lectura\" \/>\n\t<meta name=\"twitter:data1\" content=\"2 minutos\" \/>\n<!-- \/ Yoast SEO plugin. -->","yoast_head_json":{"title":"lifestyle - interiorisimo | marisa gallo","robots":{"index":"index","follow":"follow","max-snippet":"max-snippet:-1","max-image-preview":"max-image-preview:large","max-video-preview":"max-video-preview:-1"},"canonical":"https:\/\/interiorisimo.com\/mgallo\/lifestyle\/","og_locale":"es_ES","og_type":"article","og_title":"lifestyle - interiorisimo | marisa gallo","og_description":"[vc_row][vc_column column_width_percent=&#8221;60&#8243; align_horizontal=&#8221;align_center&#8221; gutter_size=&#8221;2&#8243; overlay_alpha=&#8221;50&#8243; shift_x=&#8221;0&#8243; shift_y=&#8221;0&#8243; shift_y_down=&#8221;0&#8243; z_index=&#8221;0&#8243; medium_width=&#8221;0&#8243; mobile_width=&#8221;0&#8243; width=&#8221;1\/1&#8243; uncode_shortcode_id=&#8221;563130&#8243;][vc_custom_heading heading_semantic=&#8221;p&#8221; text_size=&#8221;h5&#8243; text_weight=&#8221;300&#8243; uncode_shortcode_id=&#8221;195277&#8243;]Bienvenidos a nuestra tienda [&hellip;]","og_url":"https:\/\/interiorisimo.com\/mgallo\/lifestyle\/","og_site_name":"interiorisimo | marisa gallo","article_publisher":"https:\/\/www.facebook.com\/interiorisimo","article_modified_time":"2023-03-03T13:50:36+00:00","og_image":[{"url":"http:\/\/interiorisimo.com\/mgallo\/wp-content\/uploads\/2016\/04\/logoblack2.png","type":"","width":"","height":""}],"twitter_card":"summary_large_image","twitter_site":"@interiorisimo","twitter_misc":{"Tiempo de lectura":"2 minutos"},"schema":{"@context":"https:\/\/schema.org","@graph":[{"@type":"WebPage","@id":"https:\/\/interiorisimo.com\/mgallo\/lifestyle\/","url":"https:\/\/interiorisimo.com\/mgallo\/lifestyle\/","name":"lifestyle - interiorisimo | marisa gallo","isPartOf":{"@id":"https:\/\/interiorisimo.com\/mgallo\/#website"},"datePublished":"2023-02-08T14:51:22+00:00","dateModified":"2023-03-03T13:50:36+00:00","breadcrumb":{"@id":"https:\/\/interiorisimo.com\/mgallo\/lifestyle\/#breadcrumb"},"inLanguage":"es","potentialAction":[{"@type":"ReadAction","target":["https:\/\/interiorisimo.com\/mgallo\/lifestyle\/"]}]},{"@type":"BreadcrumbList","@id":"https:\/\/interiorisimo.com\/mgallo\/lifestyle\/#breadcrumb","itemListElement":[{"@type":"ListItem","position":1,"name":"Portada","item":"https:\/\/interiorisimo.com\/mgallo\/"},{"@type":"ListItem","position":2,"name":"lifestyle"}]},{"@type":"WebSite","@id":"https:\/\/interiorisimo.com\/mgallo\/#website","url":"https:\/\/interiorisimo.com\/mgallo\/","name":"interiorisimo | marisa gallo","description":"Estudio de interiorismo by Marisa Gallo","publisher":{"@id":"https:\/\/interiorisimo.com\/mgallo\/#organization"},"potentialAction":[{"@type":"SearchAction","target":{"@type":"EntryPoint","urlTemplate":"https:\/\/interiorisimo.com\/mgallo\/?s={search_term_string}"},"query-input":{"@type":"PropertyValueSpecification","valueRequired":true,"valueName":"search_term_string"}}],"inLanguage":"es"},{"@type":"Organization","@id":"https:\/\/interiorisimo.com\/mgallo\/#organization","name":"interiorisimo | marisa gallo","url":"https:\/\/interiorisimo.com\/mgallo\/","logo":{"@type":"ImageObject","inLanguage":"es","@id":"https:\/\/interiorisimo.com\/mgallo\/#\/schema\/logo\/image\/","url":"https:\/\/interiorisimo.com\/mgallo\/wp-content\/uploads\/2023\/01\/LGMGA.png","contentUrl":"https:\/\/interiorisimo.com\/mgallo\/wp-content\/uploads\/2023\/01\/LGMGA.png","width":284,"height":338,"caption":"interiorisimo | marisa gallo"},"image":{"@id":"https:\/\/interiorisimo.com\/mgallo\/#\/schema\/logo\/image\/"},"sameAs":["https:\/\/www.facebook.com\/interiorisimo","https:\/\/x.com\/interiorisimo","https:\/\/www.instagram.com\/interiorisimo\/","https:\/\/www.linkedin.com\/company\/interiorisimo","https:\/\/www.pinterest.com\/interiorisimo"]}]}},"_links":{"self":[{"href":"https:\/\/interiorisimo.com\/mgallo\/wp-json\/wp\/v2\/pages\/118017","targetHints":{"allow":["GET"]}}],"collection":[{"href":"https:\/\/interiorisimo.com\/mgallo\/wp-json\/wp\/v2\/pages"}],"about":[{"href":"https:\/\/interiorisimo.com\/mgallo\/wp-json\/wp\/v2\/types\/page"}],"author":[{"embeddable":true,"href":"https:\/\/interiorisimo.com\/mgallo\/wp-json\/wp\/v2\/users\/1"}],"replies":[{"embeddable":true,"href":"https:\/\/interiorisimo.com\/mgallo\/wp-json\/wp\/v2\/comments?post=118017"}],"version-history":[{"count":116,"href":"https:\/\/interiorisimo.com\/mgallo\/wp-json\/wp\/v2\/pages\/118017\/revisions"}],"predecessor-version":[{"id":118277,"href":"https:\/\/interiorisimo.com\/mgallo\/wp-json\/wp\/v2\/pages\/118017\/revisions\/118277"}],"wp:attachment":[{"href":"https:\/\/interiorisimo.com\/mgallo\/wp-json\/wp\/v2\/media?parent=118017"}],"curies":[{"name":"wp","href":"https:\/\/api.w.org\/{rel}","templated":true}]}}