{"id":36601,"date":"2015-09-08T14:35:25","date_gmt":"2015-09-08T12:35:25","guid":{"rendered":"http:\/\/www.undsgn.com\/uncode\/?page_id=36601"},"modified":"2023-01-25T11:52:02","modified_gmt":"2023-01-25T11:52:02","slug":"politicadeprivacidad","status":"publish","type":"page","link":"https:\/\/interiorisimo.com\/mgallo\/politicadeprivacidad\/","title":{"rendered":"Politica de privacidad"},"content":{"rendered":"<div class=\"wpb-content-wrapper\"><p>[vc_row][vc_column width=&#8221;1\/1&#8243;][vc_empty_space empty_h=&#8221;0&#8243;][\/vc_column][\/vc_row][vc_row row_height_percent=&#8221;0&#8243; overlay_alpha=&#8221;50&#8243; gutter_size=&#8221;3&#8243; column_width_percent=&#8221;100&#8243; shift_y=&#8221;0&#8243; z_index=&#8221;0&#8243; uncode_shortcode_id=&#8221;572126&#8243;][vc_column column_width_percent=&#8221;80&#8243; gutter_size=&#8221;3&#8243; overlay_alpha=&#8221;50&#8243; shift_x=&#8221;0&#8243; shift_y=&#8221;0&#8243; shift_y_down=&#8221;0&#8243; z_index=&#8221;0&#8243; medium_width=&#8221;0&#8243; mobile_width=&#8221;0&#8243; width=&#8221;1\/4&#8243; uncode_shortcode_id=&#8221;467203&#8243;][\/vc_column][vc_column width=&#8221;1\/2&#8243;][vc_column_text uncode_shortcode_id=&#8221;199195&#8243;]<strong><span class=\"font-193817\">POL\u00cdTICA DE PRIVACIDAD Y PROTECCI\u00d3N DE DATOS<\/span><\/strong><\/p>\n<p><span class=\"font-193817\">En cumplimiento Reglamento (UE) 2016\/679 (Reglamento General de Protecci\u00f3n de datos) y su normativa de desarrollo le ofrecemos la siguiente informaci\u00f3n de su inter\u00e9s en relaci\u00f3n al tratamiento de sus datos personales:<\/span><\/p>\n<p><strong><span class=\"font-193817\">RESPONSABLE DEL TRATAMIENTO:<\/span><\/strong><\/p>\n<p><span class=\"font-193817\">Sus datos ser\u00e1n tratados por MARISA GALLO S.L., CIF B09746140, con domicilio en Calle Algabe\u00f1o n\u00ba 27, 28043 Madrid, info@interiorismo.com.<\/span><\/p>\n<p><strong><span class=\"font-193817\">FINALIDAD DEL TRATAMIENTO Y LEGITIMACI\u00d3N:<\/span><\/strong><\/p>\n<p><span class=\"font-193817\">MARISA GALLO S.L, le informa que solamente utilizar\u00e1 sus datos para finalidades leg\u00edtimas, tales como:<\/span><\/p>\n<p><span class=\"font-193817\">Cumplimiento de nuestra relaci\u00f3n contractual y\/o comercial: sus datos ser\u00e1n tratados para poder mantener y cumplir las obligaciones derivadas de nuestra relaci\u00f3n contractual y\/o comercial.Cumplimiento de obligaciones legales (Agencia Tributaria, acciones judiciales, etc.)Env\u00edo de comunicaciones informativas sobre posibles incidencias o brechas de seguridad inform\u00e1tica.<\/span><\/p>\n<p><span class=\"font-193817\">Para cualquier otra finalidad que previa y expresamente haya sido autorizada por usted como:<\/span><\/p>\n<p><span class=\"font-193817\">Env\u00edo de ofertas y promociones comerciales sobre nuestros productos y\/o servicios.Para la cesi\u00f3n de sus datos a empresas del grupo de las que previamente le hayamos informado.Env\u00edo de ofertas y promociones de otras empresas del grupo de las que previamente le hayamos informadoPara participar en los procesos de selecci\u00f3n de personal que lleve a cabo esta entidad si usted nos ha enviado su curr\u00edculo o se ha inscrito en los procesos de selecci\u00f3n.Elaborar un perfil comercial en base a la informaci\u00f3n facilitada por usted con el objeto de mostrarle o remitirle publicidad personalizada en base a sus h\u00e1bitos de consumo y\/o preferencias. Dicho perfil puede elaborarse a trav\u00e9s de las cookies o cualquier otro medio.\u00a0 En cualquier caso, no se tomar\u00e1n decisiones automatizadas en base a dicho perfil que produzcan efectos jur\u00eddicos o significativos para usted. \u00a0\u00bfA QUI\u00c9N FACILITAREMOS SUS DATOS?:<\/span><\/p>\n<p><span class=\"font-193817\">Sus datos podr\u00e1n ser cedidos o comunicados a aquellas entidades o administraciones que sea estrictamente necesarias para poder prestarle los servicios contratados o mantener la relaci\u00f3n comercial libremente aceptada, a aquellas entidades o administraciones a las que tengamos la obligaci\u00f3n de hacerlo en cumplimiento de alguna Ley, as\u00ed como a aquellas entidades o administraciones a las que usted nos haya autorizado expresamente.<\/span><\/p>\n<p><strong><span class=\"font-193817\">PLAZO DE CONSERVACI\u00d3N DE SUS DATOS:<\/span><\/strong><\/p>\n<p><span class=\"font-193817\">Sus datos ser\u00e1n conservados mientras dure nuestra relaci\u00f3n contractual y\/o comercial, el tiempo necesario para cumplir con las correspondientes obligaciones legales, y el plazo de prescripci\u00f3n de las acciones judiciales pertinentes. En todo caso procederemos a borrar sus datos cuando nos solicite su supresi\u00f3n en los t\u00e9rminos previstos por la Ley.<\/span><\/p>\n<p><strong><span class=\"font-193817\">SUS DERECHOS:<\/span><\/strong><\/p>\n<p><span class=\"font-193817\">Podr\u00e1 ejercitar cualquiera de los siguientes derechos envi\u00e1ndonos una solicitud por escrito junto a una fotocopia de su DNI\/pasaporte a la siguiente direcci\u00f3n: MARISA GALLO S.L., CIF B09746140, con domicilio en Calle Algabe\u00f1o n\u00ba 27, 28043 Madrid, info@interiorismo.com.<\/span><\/p>\n<p><span class=\"font-193817\">Informaci\u00f3n: Podr\u00e1 pedirnos que le informemos si tratamos sus datos personales.<\/span><\/p>\n<p><span class=\"font-193817\">Acceso: Podr\u00e1 pedirnos que le informemos sobre cu\u00e1les son los datos personales que hemos incluido en nuestros ficheros y las finalidades para las que han sido recabados.Rectificaci\u00f3n: Podr\u00e1 solicitarnos que modifiquemos sus datos personales cuando sean inexactos, as\u00ed como completar aquellos que sean incompletos.Supresi\u00f3n: Podr\u00e1 solicitarnos la eliminaci\u00f3n de sus datos personales cuando, entre otros motivos, retire su consentimiento y los datos ya no sean necesarios para los fines que fueron recabados.Oposici\u00f3n: Podr\u00e1 solicitar que no se traten sus datos personales.Derecho de Limitaci\u00f3n: Podr\u00e1 solicitar la limitaci\u00f3n del tratamiento de sus datos cuando se cumpla alguna de las condiciones siguientes:<\/span><\/p>\n<p><span class=\"font-193817\">a) el interesado impugne la exactitud de los datos personales y mientras se comprueba la exactitud de los mismos.<\/span><\/p>\n<p><span class=\"font-193817\">b) el tratamiento sea il\u00edcito y el interesado se oponga a la supresi\u00f3n de los datos personales y solicite en su lugar la limitaci\u00f3n de su uso;<\/span><\/p>\n<p><span class=\"font-193817\">c) el responsable ya no necesite los datos personales para los fines del tratamiento, pero el interesado los necesite para la formulaci\u00f3n, el ejercicio o la defensa de reclamaciones;<\/span><\/p>\n<p><span class=\"font-193817\">d) el interesado se haya opuesto al tratamiento mientras se verifica si los motivos leg\u00edtimos del responsable prevalecen sobre los del interesado.<\/span><\/p>\n<p><span class=\"font-193817\">Derecho de Portabilidad: Tendr\u00e1 derecho a recibir los datos que nos ha facilitado en un formato estructurado, de uso com\u00fan y lectura mec\u00e1nica, siempre y cuando los mismos est\u00e9n automatizados, as\u00ed como a que los trasmitamos a otro responsable.\u00a0 \u00a0MENORES E INCAPACES:<\/span><\/p>\n<p><span class=\"font-193817\">En el caso de personas menores de 16 a\u00f1os o incapaces, deber\u00e1 otorgar el consentimiento para el tratamiento de los datos personales el padre, madre o tutor del menor o incapaz.<\/span><\/p>\n<p><strong><span class=\"font-193817\">MEDIDAS DE SEGURIDAD:<\/span><\/strong><\/p>\n<p><span class=\"font-193817\">De conformidad con la legislaci\u00f3n vigente, MARISA GALLO S.L se obliga a implementar las medidas t\u00e9cnicas y organizativas que resulten necesarias en cada momento para garantizar la seguridad de sus datos y evitar su alteraci\u00f3n, perdida o tratamiento no autorizado.<\/span><\/p>\n<p><strong><span class=\"font-193817\">POL\u00cdTICA DE COOKIES:<\/span><\/strong><\/p>\n<p><span class=\"font-193817\">MARISA GALLO S.L utiliza cookies que se quedar\u00e1n almacenadas en el ordenador. Las cookies son peque\u00f1os archivos que nuestro ordenador env\u00eda al suyo, pero que no nos proporcionan informaci\u00f3n ni sobre su nombre, ni sobre cualquier dato de car\u00e1cter personal suyo. Las cookies que utilizamos no pueden leer datos de su ordenador ni leer las cookies que existan en su ordenador.<\/span><\/p>\n<p><span class=\"font-193817\">Cuando el usuario se encuentre navegando por nuestra p\u00e1gina web el servidor donde se encuentra alojada reconoce autom\u00e1ticamente la direcci\u00f3n IP de su ordenador, el d\u00eda y la hora en la que comienza la visita, en la que abandona la visita, as\u00ed como informaci\u00f3n sobre las distintas secciones consultadas. Es necesario que el servidor conozca estos datos para poder comunicarse y enviarle la petici\u00f3n realizada y que a trav\u00e9s del navegador se pueda ver en la pantalla, por lo que es necesario tener activadas las cookies de su navegador para poder hacer uso de determinados servicios de la web.<\/span><\/p>\n<p><span class=\"font-193817\">Si usted lo desea puede configurar su navegador de manera que le avise en la pantalla si va a recibir una cookie. El usuario puede configurar su ordenador de manera que no reciba estas cookies, pero este hecho impedir\u00e1 que se pueda hacer uso de determinados servicios de la web.<\/span><\/p>\n<p><span class=\"font-193817\">MARISA GALLO S.L<\/span><br \/>\n<span class=\"font-193817\">CIF:B09746140<\/span><br \/>\n<span class=\"font-193817\">Inscrita Reg.M. Madrid, tomo 43381, folio 177, inscripci\u00f3n 1, hoja M-766294<\/span>[\/vc_column_text][\/vc_column][vc_column width=&#8221;1\/4&#8243;][\/vc_column][\/vc_row]<\/p>\n<\/div>","protected":false},"excerpt":{"rendered":"<p>[vc_row][vc_column width=&#8221;1\/1&#8243;][vc_empty_space empty_h=&#8221;0&#8243;][\/vc_column][\/vc_row][vc_row row_height_percent=&#8221;0&#8243; overlay_alpha=&#8221;50&#8243; gutter_size=&#8221;3&#8243; column_width_percent=&#8221;100&#8243; shift_y=&#8221;0&#8243; z_index=&#8221;0&#8243; uncode_shortcode_id=&#8221;572126&#8243;][vc_column column_width_percent=&#8221;80&#8243; gutter_size=&#8221;3&#8243; overlay_alpha=&#8221;50&#8243; shift_x=&#8221;0&#8243; shift_y=&#8221;0&#8243; shift_y_down=&#8221;0&#8243; z_index=&#8221;0&#8243; medium_width=&#8221;0&#8243; mobile_width=&#8221;0&#8243; width=&#8221;1\/4&#8243; [&hellip;]<\/p>\n","protected":false},"author":1,"featured_media":0,"parent":0,"menu_order":0,"comment_status":"closed","ping_status":"closed","template":"","meta":{"_joinchat":[],"footnotes":""},"class_list":["post-36601","page","type-page","status-publish","hentry"],"yoast_head":"<!-- This site is optimized with the Yoast SEO plugin v26.0 - https:\/\/yoast.com\/wordpress\/plugins\/seo\/ -->\n<title>Politica de privacidad - interiorisimo | marisa gallo<\/title>\n<meta name=\"robots\" content=\"index, follow, max-snippet:-1, max-image-preview:large, max-video-preview:-1\" \/>\n<link rel=\"canonical\" href=\"https:\/\/interiorisimo.com\/mgallo\/politicadeprivacidad\/\" \/>\n<meta property=\"og:locale\" content=\"es_ES\" \/>\n<meta property=\"og:type\" content=\"article\" \/>\n<meta property=\"og:title\" content=\"Politica de privacidad - interiorisimo | marisa gallo\" \/>\n<meta property=\"og:description\" content=\"[vc_row][vc_column width=&#8221;1\/1&#8243;][vc_empty_space empty_h=&#8221;0&#8243;][\/vc_column][\/vc_row][vc_row row_height_percent=&#8221;0&#8243; overlay_alpha=&#8221;50&#8243; gutter_size=&#8221;3&#8243; column_width_percent=&#8221;100&#8243; shift_y=&#8221;0&#8243; z_index=&#8221;0&#8243; uncode_shortcode_id=&#8221;572126&#8243;][vc_column column_width_percent=&#8221;80&#8243; gutter_size=&#8221;3&#8243; overlay_alpha=&#8221;50&#8243; shift_x=&#8221;0&#8243; shift_y=&#8221;0&#8243; shift_y_down=&#8221;0&#8243; z_index=&#8221;0&#8243; medium_width=&#8221;0&#8243; mobile_width=&#8221;0&#8243; width=&#8221;1\/4&#8243; [&hellip;]\" \/>\n<meta property=\"og:url\" content=\"https:\/\/interiorisimo.com\/mgallo\/politicadeprivacidad\/\" \/>\n<meta property=\"og:site_name\" content=\"interiorisimo | marisa gallo\" \/>\n<meta property=\"article:publisher\" content=\"https:\/\/www.facebook.com\/interiorisimo\" \/>\n<meta property=\"article:modified_time\" content=\"2023-01-25T11:52:02+00:00\" \/>\n<meta property=\"og:image\" content=\"http:\/\/interiorisimo.com\/mgallo\/wp-content\/uploads\/2016\/04\/logoblack2.png\" \/>\n<meta name=\"twitter:card\" content=\"summary_large_image\" \/>\n<meta name=\"twitter:site\" content=\"@interiorisimo\" \/>\n<meta name=\"twitter:label1\" content=\"Tiempo de lectura\" \/>\n\t<meta name=\"twitter:data1\" content=\"6 minutos\" \/>\n<!-- \/ Yoast SEO plugin. -->","yoast_head_json":{"title":"Politica de privacidad - interiorisimo | marisa gallo","robots":{"index":"index","follow":"follow","max-snippet":"max-snippet:-1","max-image-preview":"max-image-preview:large","max-video-preview":"max-video-preview:-1"},"canonical":"https:\/\/interiorisimo.com\/mgallo\/politicadeprivacidad\/","og_locale":"es_ES","og_type":"article","og_title":"Politica de privacidad - interiorisimo | marisa gallo","og_description":"[vc_row][vc_column width=&#8221;1\/1&#8243;][vc_empty_space empty_h=&#8221;0&#8243;][\/vc_column][\/vc_row][vc_row row_height_percent=&#8221;0&#8243; overlay_alpha=&#8221;50&#8243; gutter_size=&#8221;3&#8243; column_width_percent=&#8221;100&#8243; shift_y=&#8221;0&#8243; z_index=&#8221;0&#8243; uncode_shortcode_id=&#8221;572126&#8243;][vc_column column_width_percent=&#8221;80&#8243; gutter_size=&#8221;3&#8243; overlay_alpha=&#8221;50&#8243; shift_x=&#8221;0&#8243; shift_y=&#8221;0&#8243; shift_y_down=&#8221;0&#8243; z_index=&#8221;0&#8243; medium_width=&#8221;0&#8243; mobile_width=&#8221;0&#8243; width=&#8221;1\/4&#8243; [&hellip;]","og_url":"https:\/\/interiorisimo.com\/mgallo\/politicadeprivacidad\/","og_site_name":"interiorisimo | marisa gallo","article_publisher":"https:\/\/www.facebook.com\/interiorisimo","article_modified_time":"2023-01-25T11:52:02+00:00","og_image":[{"url":"http:\/\/interiorisimo.com\/mgallo\/wp-content\/uploads\/2016\/04\/logoblack2.png","type":"","width":"","height":""}],"twitter_card":"summary_large_image","twitter_site":"@interiorisimo","twitter_misc":{"Tiempo de lectura":"6 minutos"},"schema":{"@context":"https:\/\/schema.org","@graph":[{"@type":"WebPage","@id":"https:\/\/interiorisimo.com\/mgallo\/politicadeprivacidad\/","url":"https:\/\/interiorisimo.com\/mgallo\/politicadeprivacidad\/","name":"Politica de privacidad - interiorisimo | marisa gallo","isPartOf":{"@id":"https:\/\/interiorisimo.com\/mgallo\/#website"},"datePublished":"2015-09-08T12:35:25+00:00","dateModified":"2023-01-25T11:52:02+00:00","breadcrumb":{"@id":"https:\/\/interiorisimo.com\/mgallo\/politicadeprivacidad\/#breadcrumb"},"inLanguage":"es","potentialAction":[{"@type":"ReadAction","target":["https:\/\/interiorisimo.com\/mgallo\/politicadeprivacidad\/"]}]},{"@type":"BreadcrumbList","@id":"https:\/\/interiorisimo.com\/mgallo\/politicadeprivacidad\/#breadcrumb","itemListElement":[{"@type":"ListItem","position":1,"name":"Portada","item":"https:\/\/interiorisimo.com\/mgallo\/"},{"@type":"ListItem","position":2,"name":"Politica de privacidad"}]},{"@type":"WebSite","@id":"https:\/\/interiorisimo.com\/mgallo\/#website","url":"https:\/\/interiorisimo.com\/mgallo\/","name":"interiorisimo | marisa gallo","description":"Estudio de interiorismo by Marisa Gallo","publisher":{"@id":"https:\/\/interiorisimo.com\/mgallo\/#organization"},"potentialAction":[{"@type":"SearchAction","target":{"@type":"EntryPoint","urlTemplate":"https:\/\/interiorisimo.com\/mgallo\/?s={search_term_string}"},"query-input":{"@type":"PropertyValueSpecification","valueRequired":true,"valueName":"search_term_string"}}],"inLanguage":"es"},{"@type":"Organization","@id":"https:\/\/interiorisimo.com\/mgallo\/#organization","name":"interiorisimo | marisa gallo","url":"https:\/\/interiorisimo.com\/mgallo\/","logo":{"@type":"ImageObject","inLanguage":"es","@id":"https:\/\/interiorisimo.com\/mgallo\/#\/schema\/logo\/image\/","url":"https:\/\/interiorisimo.com\/mgallo\/wp-content\/uploads\/2023\/01\/LGMGA.png","contentUrl":"https:\/\/interiorisimo.com\/mgallo\/wp-content\/uploads\/2023\/01\/LGMGA.png","width":284,"height":338,"caption":"interiorisimo | marisa gallo"},"image":{"@id":"https:\/\/interiorisimo.com\/mgallo\/#\/schema\/logo\/image\/"},"sameAs":["https:\/\/www.facebook.com\/interiorisimo","https:\/\/x.com\/interiorisimo","https:\/\/www.instagram.com\/interiorisimo\/","https:\/\/www.linkedin.com\/company\/interiorisimo","https:\/\/www.pinterest.com\/interiorisimo"]}]}},"_links":{"self":[{"href":"https:\/\/interiorisimo.com\/mgallo\/wp-json\/wp\/v2\/pages\/36601","targetHints":{"allow":["GET"]}}],"collection":[{"href":"https:\/\/interiorisimo.com\/mgallo\/wp-json\/wp\/v2\/pages"}],"about":[{"href":"https:\/\/interiorisimo.com\/mgallo\/wp-json\/wp\/v2\/types\/page"}],"author":[{"embeddable":true,"href":"https:\/\/interiorisimo.com\/mgallo\/wp-json\/wp\/v2\/users\/1"}],"replies":[{"embeddable":true,"href":"https:\/\/interiorisimo.com\/mgallo\/wp-json\/wp\/v2\/comments?post=36601"}],"version-history":[{"count":57,"href":"https:\/\/interiorisimo.com\/mgallo\/wp-json\/wp\/v2\/pages\/36601\/revisions"}],"predecessor-version":[{"id":117827,"href":"https:\/\/interiorisimo.com\/mgallo\/wp-json\/wp\/v2\/pages\/36601\/revisions\/117827"}],"wp:attachment":[{"href":"https:\/\/interiorisimo.com\/mgallo\/wp-json\/wp\/v2\/media?parent=36601"}],"curies":[{"name":"wp","href":"https:\/\/api.w.org\/{rel}","templated":true}]}}