{"id":117899,"date":"2023-02-03T11:14:58","date_gmt":"2023-02-03T11:14:58","guid":{"rendered":"https:\/\/interiorisimo.com\/?post_type=product&#038;p=117899"},"modified":"2023-02-07T10:36:53","modified_gmt":"2023-02-07T10:36:53","slug":"jarron-nyp","status":"publish","type":"product","link":"https:\/\/interiorisimo.com\/mgallo\/producto\/jarron-nyp\/","title":{"rendered":"Jarr\u00f3n NYP"},"content":{"rendered":"","protected":false},"excerpt":{"rendered":"<p id=\"tw-target-text\" class=\"tw-data-text tw-text-large tw-ta\" dir=\"ltr\" data-placeholder=\"Traducci\u00f3n\"><span class=\"Y2IQFc font-193817\" lang=\"es\">Jarr\u00f3n decorativo de loza.<br \/>\n<\/span><\/p>\n<table class=\"woocommerce-product-attributes shop_attributes\">\n<tbody>\n<tr class=\"woocommerce-product-attributes-item woocommerce-product-attributes-item--weight\">\n<th class=\"woocommerce-product-attributes-item__label\">Color<\/th>\n<td class=\"woocommerce-product-attributes-item__value\" data-o_content=\"0.7 kg\">Blanco roto<\/td>\n<\/tr>\n<tr class=\"woocommerce-product-attributes-item woocommerce-product-attributes-item--dimensions\">\n<th class=\"woocommerce-product-attributes-item__label\">Composici\u00f3n<\/th>\n<td class=\"woocommerce-product-attributes-item__value\" data-o_content=\"30 \u00d7 20 \u00d7 18 cm\">Loza<\/td>\n<\/tr>\n<tr class=\"woocommerce-product-attributes-item woocommerce-product-attributes-item--attribute_pa_color\">\n<th class=\"woocommerce-product-attributes-item__label\">Dimensi\u00f3n<\/th>\n<td class=\"woocommerce-product-attributes-item__value\">22 x 22 x 29 cm<\/td>\n<\/tr>\n<tr class=\"woocommerce-product-attributes-item woocommerce-product-attributes-item--attribute_pa_materials\">\n<th class=\"woocommerce-product-attributes-item__label\">Peso<\/th>\n<td class=\"woocommerce-product-attributes-item__value\">2 kg<\/td>\n<\/tr>\n<tr class=\"woocommerce-product-attributes-item woocommerce-product-attributes-item--attribute_pa_brand\">\n<th class=\"woocommerce-product-attributes-item__label\">Uso<\/th>\n<td class=\"woocommerce-product-attributes-item__value\">Interior<\/td>\n<\/tr>\n<\/tbody>\n<\/table>\n","protected":false},"featured_media":117900,"comment_status":"closed","ping_status":"closed","template":"","meta":{"_joinchat":[]},"product_brand":[],"product_cat":[296],"product_tag":[],"class_list":{"0":"post-117899","1":"product","2":"type-product","3":"status-publish","4":"has-post-thumbnail","6":"product_cat-top-i","8":"first","9":"instock","10":"shipping-taxable","11":"purchasable","12":"product-type-simple"},"yoast_head":"<!-- This site is optimized with the Yoast SEO plugin v26.0 - https:\/\/yoast.com\/wordpress\/plugins\/seo\/ -->\n<title>Jarr\u00f3n NYP - interiorisimo | marisa gallo<\/title>\n<meta name=\"robots\" content=\"index, follow, max-snippet:-1, max-image-preview:large, max-video-preview:-1\" \/>\n<link rel=\"canonical\" href=\"https:\/\/interiorisimo.com\/mgallo\/producto\/jarron-nyp\/\" \/>\n<meta property=\"og:locale\" content=\"es_ES\" \/>\n<meta property=\"og:type\" content=\"article\" \/>\n<meta property=\"og:title\" content=\"Jarr\u00f3n NYP - interiorisimo | marisa gallo\" \/>\n<meta property=\"og:description\" content=\"Jarr\u00f3n decorativo de loza.      Color Blanco roto   Composici\u00f3n Loza   Dimensi\u00f3n 22 x 22 x 29 cm   Peso 2 kg   Uso Interior\" \/>\n<meta property=\"og:url\" content=\"https:\/\/interiorisimo.com\/mgallo\/producto\/jarron-nyp\/\" \/>\n<meta property=\"og:site_name\" content=\"interiorisimo | marisa gallo\" \/>\n<meta property=\"article:publisher\" content=\"https:\/\/www.facebook.com\/interiorisimo\" \/>\n<meta property=\"article:modified_time\" content=\"2023-02-07T10:36:53+00:00\" \/>\n<meta property=\"og:image\" content=\"https:\/\/interiorisimo.com\/mgallo\/wp-content\/uploads\/2023\/02\/vermis08.jpg\" \/>\n\t<meta property=\"og:image:width\" content=\"1500\" \/>\n\t<meta property=\"og:image:height\" content=\"1500\" \/>\n\t<meta property=\"og:image:type\" content=\"image\/jpeg\" \/>\n<meta name=\"twitter:card\" content=\"summary_large_image\" \/>\n<meta name=\"twitter:site\" content=\"@interiorisimo\" \/>\n<!-- \/ Yoast SEO plugin. -->","yoast_head_json":{"title":"Jarr\u00f3n NYP - interiorisimo | marisa gallo","robots":{"index":"index","follow":"follow","max-snippet":"max-snippet:-1","max-image-preview":"max-image-preview:large","max-video-preview":"max-video-preview:-1"},"canonical":"https:\/\/interiorisimo.com\/mgallo\/producto\/jarron-nyp\/","og_locale":"es_ES","og_type":"article","og_title":"Jarr\u00f3n NYP - interiorisimo | marisa gallo","og_description":"Jarr\u00f3n decorativo de loza.      Color Blanco roto   Composici\u00f3n Loza   Dimensi\u00f3n 22 x 22 x 29 cm   Peso 2 kg   Uso Interior","og_url":"https:\/\/interiorisimo.com\/mgallo\/producto\/jarron-nyp\/","og_site_name":"interiorisimo | marisa gallo","article_publisher":"https:\/\/www.facebook.com\/interiorisimo","article_modified_time":"2023-02-07T10:36:53+00:00","og_image":[{"width":1500,"height":1500,"url":"https:\/\/interiorisimo.com\/mgallo\/wp-content\/uploads\/2023\/02\/vermis08.jpg","type":"image\/jpeg"}],"twitter_card":"summary_large_image","twitter_site":"@interiorisimo","schema":{"@context":"https:\/\/schema.org","@graph":[{"@type":"WebPage","@id":"https:\/\/interiorisimo.com\/mgallo\/producto\/jarron-nyp\/","url":"https:\/\/interiorisimo.com\/mgallo\/producto\/jarron-nyp\/","name":"Jarr\u00f3n NYP - interiorisimo | marisa gallo","isPartOf":{"@id":"https:\/\/interiorisimo.com\/mgallo\/#website"},"primaryImageOfPage":{"@id":"https:\/\/interiorisimo.com\/mgallo\/producto\/jarron-nyp\/#primaryimage"},"image":{"@id":"https:\/\/interiorisimo.com\/mgallo\/producto\/jarron-nyp\/#primaryimage"},"thumbnailUrl":"https:\/\/interiorisimo.com\/mgallo\/wp-content\/uploads\/2023\/02\/vermis08.jpg","datePublished":"2023-02-03T11:14:58+00:00","dateModified":"2023-02-07T10:36:53+00:00","breadcrumb":{"@id":"https:\/\/interiorisimo.com\/mgallo\/producto\/jarron-nyp\/#breadcrumb"},"inLanguage":"es","potentialAction":[{"@type":"ReadAction","target":["https:\/\/interiorisimo.com\/mgallo\/producto\/jarron-nyp\/"]}]},{"@type":"ImageObject","inLanguage":"es","@id":"https:\/\/interiorisimo.com\/mgallo\/producto\/jarron-nyp\/#primaryimage","url":"https:\/\/interiorisimo.com\/mgallo\/wp-content\/uploads\/2023\/02\/vermis08.jpg","contentUrl":"https:\/\/interiorisimo.com\/mgallo\/wp-content\/uploads\/2023\/02\/vermis08.jpg","width":1500,"height":1500},{"@type":"BreadcrumbList","@id":"https:\/\/interiorisimo.com\/mgallo\/producto\/jarron-nyp\/#breadcrumb","itemListElement":[{"@type":"ListItem","position":1,"name":"Portada","item":"https:\/\/interiorisimo.com\/mgallo\/"},{"@type":"ListItem","position":2,"name":"i-shop","item":"https:\/\/interiorisimo.com\/mgallo\/ishop\/"},{"@type":"ListItem","position":3,"name":"Jarr\u00f3n NYP"}]},{"@type":"WebSite","@id":"https:\/\/interiorisimo.com\/mgallo\/#website","url":"https:\/\/interiorisimo.com\/mgallo\/","name":"interiorisimo | marisa gallo","description":"Estudio de interiorismo by Marisa Gallo","publisher":{"@id":"https:\/\/interiorisimo.com\/mgallo\/#organization"},"potentialAction":[{"@type":"SearchAction","target":{"@type":"EntryPoint","urlTemplate":"https:\/\/interiorisimo.com\/mgallo\/?s={search_term_string}"},"query-input":{"@type":"PropertyValueSpecification","valueRequired":true,"valueName":"search_term_string"}}],"inLanguage":"es"},{"@type":"Organization","@id":"https:\/\/interiorisimo.com\/mgallo\/#organization","name":"interiorisimo | marisa gallo","url":"https:\/\/interiorisimo.com\/mgallo\/","logo":{"@type":"ImageObject","inLanguage":"es","@id":"https:\/\/interiorisimo.com\/mgallo\/#\/schema\/logo\/image\/","url":"https:\/\/interiorisimo.com\/mgallo\/wp-content\/uploads\/2023\/01\/LGMGA.png","contentUrl":"https:\/\/interiorisimo.com\/mgallo\/wp-content\/uploads\/2023\/01\/LGMGA.png","width":284,"height":338,"caption":"interiorisimo | marisa gallo"},"image":{"@id":"https:\/\/interiorisimo.com\/mgallo\/#\/schema\/logo\/image\/"},"sameAs":["https:\/\/www.facebook.com\/interiorisimo","https:\/\/x.com\/interiorisimo","https:\/\/www.instagram.com\/interiorisimo\/","https:\/\/www.linkedin.com\/company\/interiorisimo","https:\/\/www.pinterest.com\/interiorisimo"]}]}},"_links":{"self":[{"href":"https:\/\/interiorisimo.com\/mgallo\/wp-json\/wp\/v2\/product\/117899","targetHints":{"allow":["GET"]}}],"collection":[{"href":"https:\/\/interiorisimo.com\/mgallo\/wp-json\/wp\/v2\/product"}],"about":[{"href":"https:\/\/interiorisimo.com\/mgallo\/wp-json\/wp\/v2\/types\/product"}],"replies":[{"embeddable":true,"href":"https:\/\/interiorisimo.com\/mgallo\/wp-json\/wp\/v2\/comments?post=117899"}],"wp:featuredmedia":[{"embeddable":true,"href":"https:\/\/interiorisimo.com\/mgallo\/wp-json\/wp\/v2\/media\/117900"}],"wp:attachment":[{"href":"https:\/\/interiorisimo.com\/mgallo\/wp-json\/wp\/v2\/media?parent=117899"}],"wp:term":[{"taxonomy":"product_brand","embeddable":true,"href":"https:\/\/interiorisimo.com\/mgallo\/wp-json\/wp\/v2\/product_brand?post=117899"},{"taxonomy":"product_cat","embeddable":true,"href":"https:\/\/interiorisimo.com\/mgallo\/wp-json\/wp\/v2\/product_cat?post=117899"},{"taxonomy":"product_tag","embeddable":true,"href":"https:\/\/interiorisimo.com\/mgallo\/wp-json\/wp\/v2\/product_tag?post=117899"}],"curies":[{"name":"wp","href":"https:\/\/api.w.org\/{rel}","templated":true}]}}