{"id":53702,"date":"2022-12-28T16:25:40","date_gmt":"2022-12-28T16:25:40","guid":{"rendered":"https:\/\/interiorisimo.com\/?post_type=product&#038;p=53702"},"modified":"2023-02-23T08:48:48","modified_gmt":"2023-02-23T08:48:48","slug":"bombilla-decorativa-led","status":"publish","type":"product","link":"https:\/\/interiorisimo.com\/mgallo\/producto\/bombilla-decorativa-led\/","title":{"rendered":"BOMBILLA DECORATIVA"},"content":{"rendered":"","protected":false},"excerpt":{"rendered":"<div class=\"ProductInformation_description__mvr1U ProductInformation_description--full__QSXT5\">\n<p>Bombilla led c\u00e1lida.<\/p>\n<\/div>\n<table class=\"woocommerce-product-attributes shop_attributes\">\n<tbody>\n<tr class=\"woocommerce-product-attributes-item woocommerce-product-attributes-item--weight\">\n<th class=\"woocommerce-product-attributes-item__label\">Peso<\/th>\n<td class=\"woocommerce-product-attributes-item__value\" data-o_content=\"0.7 kg\">0,6 kg<\/td>\n<\/tr>\n<tr class=\"woocommerce-product-attributes-item woocommerce-product-attributes-item--dimensions\">\n<th class=\"woocommerce-product-attributes-item__label\">Dimensiones<\/th>\n<td class=\"woocommerce-product-attributes-item__value\" data-o_content=\"30 \u00d7 20 \u00d7 18 cm\">20 \u00d7 20 \u00d7 11 cm<\/td>\n<\/tr>\n<tr class=\"woocommerce-product-attributes-item woocommerce-product-attributes-item--attribute_pa_color\">\n<th class=\"woocommerce-product-attributes-item__label\">Material<\/th>\n<td class=\"woocommerce-product-attributes-item__value\">cristal<\/td>\n<\/tr>\n<tr class=\"woocommerce-product-attributes-item woocommerce-product-attributes-item--attribute_pa_materials\">\n<th class=\"woocommerce-product-attributes-item__label\">Color<\/th>\n<td class=\"woocommerce-product-attributes-item__value\">smokey grey<\/td>\n<\/tr>\n<tr class=\"woocommerce-product-attributes-item woocommerce-product-attributes-item--attribute_pa_brand\">\n<th class=\"woocommerce-product-attributes-item__label\">Potencia<\/th>\n<td class=\"woocommerce-product-attributes-item__value\">6W 1900\u00bak<\/td>\n<\/tr>\n<\/tbody>\n<\/table>\n","protected":false},"featured_media":118065,"comment_status":"closed","ping_status":"closed","template":"","meta":{"_joinchat":[]},"product_brand":[],"product_cat":[297],"product_tag":[],"class_list":{"0":"post-53702","1":"product","2":"type-product","3":"status-publish","4":"has-post-thumbnail","6":"product_cat-top-ii","8":"first","9":"instock","10":"shipping-taxable","11":"purchasable","12":"product-type-simple"},"yoast_head":"<!-- This site is optimized with the Yoast SEO plugin v26.0 - https:\/\/yoast.com\/wordpress\/plugins\/seo\/ -->\n<title>BOMBILLA DECORATIVA - interiorisimo | marisa gallo<\/title>\n<meta name=\"robots\" content=\"index, follow, max-snippet:-1, max-image-preview:large, max-video-preview:-1\" \/>\n<link rel=\"canonical\" href=\"https:\/\/interiorisimo.com\/mgallo\/producto\/bombilla-decorativa-led\/\" \/>\n<meta property=\"og:locale\" content=\"es_ES\" \/>\n<meta property=\"og:type\" content=\"article\" \/>\n<meta property=\"og:title\" content=\"BOMBILLA DECORATIVA - interiorisimo | marisa gallo\" \/>\n<meta property=\"og:description\" content=\"Bombilla led c\u00e1lida.      Peso 0,6 kg   Dimensiones 20 \u00d7 20 \u00d7 11 cm   Material cristal   Color smokey grey   Potencia 6W 1900\u00bak\" \/>\n<meta property=\"og:url\" content=\"https:\/\/interiorisimo.com\/mgallo\/producto\/bombilla-decorativa-led\/\" \/>\n<meta property=\"og:site_name\" content=\"interiorisimo | marisa gallo\" \/>\n<meta property=\"article:publisher\" content=\"https:\/\/www.facebook.com\/interiorisimo\" \/>\n<meta property=\"article:modified_time\" content=\"2023-02-23T08:48:48+00:00\" \/>\n<meta property=\"og:image\" content=\"https:\/\/interiorisimo.com\/mgallo\/wp-content\/uploads\/2022\/12\/segula01b.jpg\" \/>\n\t<meta property=\"og:image:width\" content=\"800\" \/>\n\t<meta property=\"og:image:height\" content=\"736\" \/>\n\t<meta property=\"og:image:type\" content=\"image\/jpeg\" \/>\n<meta name=\"twitter:card\" content=\"summary_large_image\" \/>\n<meta name=\"twitter:site\" content=\"@interiorisimo\" \/>\n<!-- \/ Yoast SEO plugin. -->","yoast_head_json":{"title":"BOMBILLA DECORATIVA - interiorisimo | marisa gallo","robots":{"index":"index","follow":"follow","max-snippet":"max-snippet:-1","max-image-preview":"max-image-preview:large","max-video-preview":"max-video-preview:-1"},"canonical":"https:\/\/interiorisimo.com\/mgallo\/producto\/bombilla-decorativa-led\/","og_locale":"es_ES","og_type":"article","og_title":"BOMBILLA DECORATIVA - interiorisimo | marisa gallo","og_description":"Bombilla led c\u00e1lida.      Peso 0,6 kg   Dimensiones 20 \u00d7 20 \u00d7 11 cm   Material cristal   Color smokey grey   Potencia 6W 1900\u00bak","og_url":"https:\/\/interiorisimo.com\/mgallo\/producto\/bombilla-decorativa-led\/","og_site_name":"interiorisimo | marisa gallo","article_publisher":"https:\/\/www.facebook.com\/interiorisimo","article_modified_time":"2023-02-23T08:48:48+00:00","og_image":[{"width":800,"height":736,"url":"https:\/\/interiorisimo.com\/mgallo\/wp-content\/uploads\/2022\/12\/segula01b.jpg","type":"image\/jpeg"}],"twitter_card":"summary_large_image","twitter_site":"@interiorisimo","schema":{"@context":"https:\/\/schema.org","@graph":[{"@type":"WebPage","@id":"https:\/\/interiorisimo.com\/mgallo\/producto\/bombilla-decorativa-led\/","url":"https:\/\/interiorisimo.com\/mgallo\/producto\/bombilla-decorativa-led\/","name":"BOMBILLA DECORATIVA - interiorisimo | marisa gallo","isPartOf":{"@id":"https:\/\/interiorisimo.com\/mgallo\/#website"},"primaryImageOfPage":{"@id":"https:\/\/interiorisimo.com\/mgallo\/producto\/bombilla-decorativa-led\/#primaryimage"},"image":{"@id":"https:\/\/interiorisimo.com\/mgallo\/producto\/bombilla-decorativa-led\/#primaryimage"},"thumbnailUrl":"https:\/\/interiorisimo.com\/mgallo\/wp-content\/uploads\/2022\/12\/segula01b.jpg","datePublished":"2022-12-28T16:25:40+00:00","dateModified":"2023-02-23T08:48:48+00:00","breadcrumb":{"@id":"https:\/\/interiorisimo.com\/mgallo\/producto\/bombilla-decorativa-led\/#breadcrumb"},"inLanguage":"es","potentialAction":[{"@type":"ReadAction","target":["https:\/\/interiorisimo.com\/mgallo\/producto\/bombilla-decorativa-led\/"]}]},{"@type":"ImageObject","inLanguage":"es","@id":"https:\/\/interiorisimo.com\/mgallo\/producto\/bombilla-decorativa-led\/#primaryimage","url":"https:\/\/interiorisimo.com\/mgallo\/wp-content\/uploads\/2022\/12\/segula01b.jpg","contentUrl":"https:\/\/interiorisimo.com\/mgallo\/wp-content\/uploads\/2022\/12\/segula01b.jpg","width":800,"height":736},{"@type":"BreadcrumbList","@id":"https:\/\/interiorisimo.com\/mgallo\/producto\/bombilla-decorativa-led\/#breadcrumb","itemListElement":[{"@type":"ListItem","position":1,"name":"Portada","item":"https:\/\/interiorisimo.com\/mgallo\/"},{"@type":"ListItem","position":2,"name":"i-shop","item":"https:\/\/interiorisimo.com\/mgallo\/ishop\/"},{"@type":"ListItem","position":3,"name":"BOMBILLA DECORATIVA"}]},{"@type":"WebSite","@id":"https:\/\/interiorisimo.com\/mgallo\/#website","url":"https:\/\/interiorisimo.com\/mgallo\/","name":"interiorisimo | marisa gallo","description":"Estudio de interiorismo by Marisa Gallo","publisher":{"@id":"https:\/\/interiorisimo.com\/mgallo\/#organization"},"potentialAction":[{"@type":"SearchAction","target":{"@type":"EntryPoint","urlTemplate":"https:\/\/interiorisimo.com\/mgallo\/?s={search_term_string}"},"query-input":{"@type":"PropertyValueSpecification","valueRequired":true,"valueName":"search_term_string"}}],"inLanguage":"es"},{"@type":"Organization","@id":"https:\/\/interiorisimo.com\/mgallo\/#organization","name":"interiorisimo | marisa gallo","url":"https:\/\/interiorisimo.com\/mgallo\/","logo":{"@type":"ImageObject","inLanguage":"es","@id":"https:\/\/interiorisimo.com\/mgallo\/#\/schema\/logo\/image\/","url":"https:\/\/interiorisimo.com\/mgallo\/wp-content\/uploads\/2023\/01\/LGMGA.png","contentUrl":"https:\/\/interiorisimo.com\/mgallo\/wp-content\/uploads\/2023\/01\/LGMGA.png","width":284,"height":338,"caption":"interiorisimo | marisa gallo"},"image":{"@id":"https:\/\/interiorisimo.com\/mgallo\/#\/schema\/logo\/image\/"},"sameAs":["https:\/\/www.facebook.com\/interiorisimo","https:\/\/x.com\/interiorisimo","https:\/\/www.instagram.com\/interiorisimo\/","https:\/\/www.linkedin.com\/company\/interiorisimo","https:\/\/www.pinterest.com\/interiorisimo"]}]}},"_links":{"self":[{"href":"https:\/\/interiorisimo.com\/mgallo\/wp-json\/wp\/v2\/product\/53702","targetHints":{"allow":["GET"]}}],"collection":[{"href":"https:\/\/interiorisimo.com\/mgallo\/wp-json\/wp\/v2\/product"}],"about":[{"href":"https:\/\/interiorisimo.com\/mgallo\/wp-json\/wp\/v2\/types\/product"}],"replies":[{"embeddable":true,"href":"https:\/\/interiorisimo.com\/mgallo\/wp-json\/wp\/v2\/comments?post=53702"}],"wp:featuredmedia":[{"embeddable":true,"href":"https:\/\/interiorisimo.com\/mgallo\/wp-json\/wp\/v2\/media\/118065"}],"wp:attachment":[{"href":"https:\/\/interiorisimo.com\/mgallo\/wp-json\/wp\/v2\/media?parent=53702"}],"wp:term":[{"taxonomy":"product_brand","embeddable":true,"href":"https:\/\/interiorisimo.com\/mgallo\/wp-json\/wp\/v2\/product_brand?post=53702"},{"taxonomy":"product_cat","embeddable":true,"href":"https:\/\/interiorisimo.com\/mgallo\/wp-json\/wp\/v2\/product_cat?post=53702"},{"taxonomy":"product_tag","embeddable":true,"href":"https:\/\/interiorisimo.com\/mgallo\/wp-json\/wp\/v2\/product_tag?post=53702"}],"curies":[{"name":"wp","href":"https:\/\/api.w.org\/{rel}","templated":true}]}}